{"id":8,"date":"2011-12-09T18:45:15","date_gmt":"2011-12-09T18:45:15","guid":{"rendered":"http:\/\/benatkyhajovna.cz\/?page_id=8"},"modified":"2025-01-28T08:03:41","modified_gmt":"2025-01-28T08:03:41","slug":"palivo","status":"publish","type":"page","link":"https:\/\/benatkyhajovna.cz\/?page_id=8","title":{"rendered":"Palivo"},"content":{"rendered":"<h1><span style=\"color: #000000; font-weight: bold;\">V\u00fdroba a prodej palivov\u00e9ho d\u0159eva.<\/span><\/h1>\n<p>P\u0159\u00edjem objedn\u00e1vek ve v\u0161edn\u00ed dny od 8:00 &#8211; 16:00 hod<br \/>\n<strong>&nbsp;Jan Bo\u010dek, <\/strong>mobil: <strong>+420 725 906 686<br \/>\nRadek Lacina<\/strong>, mobil: <strong>+420 775 267 090<\/strong><br \/>\nE-mail: lacina@benatky.cz<\/p>\n<h1>Cen\u00edk paliva ( <a href=\"http:\/\/benatkyhajovna.cz\/?page_id=387\">naleznete na t\u00e9to str\u00e1nce<\/a> )<\/h1>\n<p style=\"text-align: justify;\"><strong>Uveden\u00e9 ceny jsou platn\u00e9 v m\u00edst\u011b dod\u00e1n\u00ed<\/strong>&nbsp;nebo do 20 km v okol\u00ed Ben\u00e1tek nad Jizerou.<br \/>\nP\u0159i v\u011bt\u0161\u00edch vzd\u00e1lenostech je cena dohodou.<\/p>\n<p><strong>V p\u0159\u00edpad\u011b z\u00e1jmu o v\u011bt\u0161\u00ed mno\u017estv\u00ed d\u0159eva<\/strong>&nbsp;( 20 PRM a v\u00edce) bude cena \u0159e\u0161ena individu\u00e1ln\u011b.&nbsp;<\/p>\n<h1>M\u011b\u0159en\u00ed d\u0159eva Co je to metr (palivov\u00e9ho) d\u0159eva?<\/h1>\n<p style=\"text-align: justify;\">V praxi se setk\u00e1v\u00e1me p\u0159i m\u011b\u0159en\u00ed d\u0159eva s n\u011bkolika podobn\u00fdmi pojmy, kter\u00e9 pot\u0159ebuj\u00ed bli\u017e\u0161\u00ed vysv\u011btlen\u00ed. Palivov\u00e9 d\u0159evo se v\u011bt\u0161inou m\u011b\u0159\u00ed v prostorov\u00fdch m\u00edr\u00e1ch. Z\u00e1kladn\u00ed jednotka d\u0159\u00edv\u00ed je 1 m3 = plnometr (PLM) (<strong>kub\u00edk d\u0159eva<\/strong>) p\u0159edstavuj\u00edc\u00ed krychli o hran\u011b 1x1x1 metr zcela plnou d\u0159evn\u00ed hmoty. V t\u00e9to form\u011b (jednotce) se d\u0159evo nedod\u00e1v\u00e1, proto\u017ee je to nemo\u017en\u00e9.<\/p>\n<p style=\"text-align: justify;\">\u010cast\u011bji se setk\u00e1v\u00e1me s jednotkou prostorov\u00fd metr rovnan\u00fd (PRMR), co\u017e je prostor s rozm\u011bry 1x1x1m, ve kter\u00e9m jsou vyskl\u00e1dan\u00e1 jednotliv\u00e1 polena \u010di \u0161t\u00edpan\u00e9 d\u0159evo. Skl\u00e1d\u00e1n\u00ed je \u010dasov\u011b pom\u011brn\u011b n\u00e1ro\u010dn\u00e9, co\u017e je nutn\u00e9 prom\u00edtnout do ceny takto dod\u00e1van\u00e9ho palivov\u00e9ho d\u0159\u00edv\u00ed. Jednotka, kterou pou\u017e\u00edv\u00e1me pro m\u011b\u0159en\u00ed dod\u00e1van\u00e9ho mno\u017estv\u00ed palivov\u00e9ho d\u0159eva je prostorov\u00fd metr sypan\u00fd (PRMS), co\u017e je neurovnan\u00fd, voln\u011b d\u0159evem nasypan\u00fd prostor s rozm\u011bry 1x1x1m.<\/p>\n<p style=\"text-align: justify;\">Pro\u010d nej\u010dast\u011bji dod\u00e1v\u00e1me palivov\u00e9 d\u0159evo v jednotce prostorov\u00e9ho metru sypan\u00e9ho? N\u00e1hodn\u00e9 syp\u00e1n\u00ed palivov\u00e9ho d\u0159\u00edv\u00ed je spravedliv\u00e9 a p\u0159edev\u0161\u00edm levn\u00e9, tak\u017ee nen\u00ed nutno do cen d\u0159eva p\u0159ipo\u010d\u00edt\u00e1vat n\u00e1kladnou, \u010dasov\u011b n\u00e1ro\u010dnou lidskou pr\u00e1ci p\u0159i skl\u00e1d\u00e1n\u00ed d\u0159eva.<\/p>\n","protected":false},"excerpt":{"rendered":"<p>V\u00fdroba a prodej palivov\u00e9ho d\u0159eva. P\u0159\u00edjem objedn\u00e1vek ve v\u0161edn\u00ed dny od 8:00 &#8211; 16:00 hod &nbsp;Jan Bo\u010dek, mobil: +420 725 906 686 Radek Lacina, mobil: +420 775 267 090 E-mail: lacina@benatky.cz Cen\u00edk paliva ( naleznete na t\u00e9to str\u00e1nce ) Uveden\u00e9 ceny jsou platn\u00e9 v m\u00edst\u011b dod\u00e1n\u00ed&nbsp;nebo do 20 km v okol\u00ed Ben\u00e1tek nad Jizerou. P\u0159i [&hellip;]<\/p>\n","protected":false},"author":1,"featured_media":0,"parent":0,"menu_order":3,"comment_status":"closed","ping_status":"closed","template":"sidebar-page.php","meta":{"ngg_post_thumbnail":0,"footnotes":""},"class_list":["post-8","page","type-page","status-publish","hentry"],"_links":{"self":[{"href":"https:\/\/benatkyhajovna.cz\/index.php?rest_route=\/wp\/v2\/pages\/8","targetHints":{"allow":["GET"]}}],"collection":[{"href":"https:\/\/benatkyhajovna.cz\/index.php?rest_route=\/wp\/v2\/pages"}],"about":[{"href":"https:\/\/benatkyhajovna.cz\/index.php?rest_route=\/wp\/v2\/types\/page"}],"author":[{"embeddable":true,"href":"https:\/\/benatkyhajovna.cz\/index.php?rest_route=\/wp\/v2\/users\/1"}],"replies":[{"embeddable":true,"href":"https:\/\/benatkyhajovna.cz\/index.php?rest_route=%2Fwp%2Fv2%2Fcomments&post=8"}],"version-history":[{"count":37,"href":"https:\/\/benatkyhajovna.cz\/index.php?rest_route=\/wp\/v2\/pages\/8\/revisions"}],"predecessor-version":[{"id":493,"href":"https:\/\/benatkyhajovna.cz\/index.php?rest_route=\/wp\/v2\/pages\/8\/revisions\/493"}],"wp:attachment":[{"href":"https:\/\/benatkyhajovna.cz\/index.php?rest_route=%2Fwp%2Fv2%2Fmedia&parent=8"}],"curies":[{"name":"wp","href":"https:\/\/api.w.org\/{rel}","templated":true}]}}