{"id":391,"date":"2021-03-14T19:10:12","date_gmt":"2021-03-14T19:10:12","guid":{"rendered":"http:\/\/benatkyhajovna.cz\/?page_id=391"},"modified":"2021-03-15T12:26:03","modified_gmt":"2021-03-15T12:26:03","slug":"sluzby","status":"publish","type":"page","link":"https:\/\/benatkyhajovna.cz\/?page_id=391","title":{"rendered":"Slu\u017eby"},"content":{"rendered":"\n<p class=\"has-medium-font-size\"><strong>\u0160t\u011bpkov\u00e1n\u00ed d\u0159evn\u00ed hmoty<\/strong><\/p>\n\n\n\n<p>K pr\u00e1ci pou\u017e\u00edv\u00e1me profi \u0161t\u011bpkova\u010d Laski LS 150\/38. \u0160t\u011bpkovat lze materi\u00e1l a\u017e do pr\u016fm\u011bru 150mm.&nbsp;\u0160t\u011bpku lze foukat na zem nebo rovnou do voz\u00edku.&nbsp;Materi\u00e1l um\u00edme ekologicky zlikvidovat nebo si ho m\u016f\u017eete vyu\u017e\u00edt na sv\u00e9 zahrad\u011b, nap\u0159. k mul\u010dov\u00e1n\u00ed.<\/p>\n\n\n\n<figure class=\"wp-block-image size-large\"><img loading=\"lazy\" decoding=\"async\" width=\"768\" height=\"644\" src=\"http:\/\/benatkyhajovna.cz\/wp-content\/uploads\/2021\/03\/674-laski-ls-150-38.jpg\" alt=\"\" class=\"wp-image-413\" srcset=\"https:\/\/benatkyhajovna.cz\/wp-content\/uploads\/2021\/03\/674-laski-ls-150-38.jpg 768w, https:\/\/benatkyhajovna.cz\/wp-content\/uploads\/2021\/03\/674-laski-ls-150-38-300x252.jpg 300w, https:\/\/benatkyhajovna.cz\/wp-content\/uploads\/2021\/03\/674-laski-ls-150-38-150x126.jpg 150w, https:\/\/benatkyhajovna.cz\/wp-content\/uploads\/2021\/03\/674-laski-ls-150-38-358x300.jpg 358w\" sizes=\"auto, (max-width: 768px) 100vw, 768px\" \/><\/figure>\n\n\n\n<p class=\"has-medium-font-size\"><strong>Zal\u00e9v\u00e1n\u00ed strom\u016f a ke\u0159\u016f<\/strong><\/p>\n\n\n\n<p><strong>Zal\u00e9vac\u00ed v\u016fz Piaggio s 900 L n\u00e1dr\u017e\u00ed.<\/strong><\/p>\n\n\n\n<p>Tento v\u016fz um\u00ed vodu, tak\u00e9 nas\u00e1vat, tak\u017ee v n\u011bkter\u00fdch p\u0159\u00edpadech je mo\u017en\u00e9 vyu\u017e\u00edt p\u0159\u00edrodn\u00ed zdroj vody.&nbsp;Tak\u00e9 um\u00ed vodu i st\u0159\u00edkat tlakem ven z n\u00e1dr\u017ee.<\/p>\n\n\n\n<figure class=\"wp-block-image size-large\"><img loading=\"lazy\" decoding=\"async\" width=\"768\" height=\"576\" src=\"http:\/\/benatkyhajovna.cz\/wp-content\/uploads\/2021\/03\/zalevaci-vuz-piaggio.jpg\" alt=\"\" class=\"wp-image-415\" srcset=\"https:\/\/benatkyhajovna.cz\/wp-content\/uploads\/2021\/03\/zalevaci-vuz-piaggio.jpg 768w, https:\/\/benatkyhajovna.cz\/wp-content\/uploads\/2021\/03\/zalevaci-vuz-piaggio-300x225.jpg 300w, https:\/\/benatkyhajovna.cz\/wp-content\/uploads\/2021\/03\/zalevaci-vuz-piaggio-150x113.jpg 150w, https:\/\/benatkyhajovna.cz\/wp-content\/uploads\/2021\/03\/zalevaci-vuz-piaggio-400x300.jpg 400w\" sizes=\"auto, (max-width: 768px) 100vw, 768px\" \/><\/figure>\n\n\n\n<p><strong>Lada Niva&nbsp;+ p\u0159\u00edv\u011bsn\u00fd voz\u00edk s 1000 L n\u00e1dr\u017e\u00ed.<\/strong><\/p>\n\n\n\n<p>Tato souprava dok\u00e1\u017ee zal\u00e9vat pouze samosp\u00e1dem. Nen\u00ed vybavena \u017e\u00e1dn\u00fdm p\u0159\u00eddavn\u00fdm \u010derpadlem. Pokud z\u00e1livka prob\u00edh\u00e1 na rovinn\u00e9m profilu, tak v tom nen\u00ed \u017e\u00e1dn\u00fd probl\u00e9m.<br>Doposud takto zal\u00e9v\u00e1me m\u011bstskou zele\u0148 v Ben\u00e1tk\u00e1ch nad Jizerou v\u010detn\u011b zelen\u011b v n\u011bkolika ben\u00e1teck\u00fdch firm\u00e1ch.<\/p>\n\n\n\n<p><strong>Malotraktor AGT 835&nbsp;+ p\u0159\u00edv\u011bsn\u00fd voz\u00edk s 1000 L n\u00e1dr\u017e\u00ed.<\/strong><\/p>\n\n\n\n<p>Tato souprava je vyu\u017e\u00edv\u00e1na na nedostupn\u00fdch m\u00edstech pro oby\u010dejn\u00e9 vozy. Malotraktor m\u00e1 extr\u00e9mn\u011b dobrou pr\u016fchodnost a d\u00edky tomu, \u017ee je kloubov\u00fd, tak je velmi obratn\u00fd.<\/p>\n\n\n\n<figure class=\"wp-block-image size-large\"><img loading=\"lazy\" decoding=\"async\" width=\"768\" height=\"576\" src=\"http:\/\/benatkyhajovna.cz\/wp-content\/uploads\/2021\/03\/malotraktor-agt-835.jpg\" alt=\"\" class=\"wp-image-417\" srcset=\"https:\/\/benatkyhajovna.cz\/wp-content\/uploads\/2021\/03\/malotraktor-agt-835.jpg 768w, https:\/\/benatkyhajovna.cz\/wp-content\/uploads\/2021\/03\/malotraktor-agt-835-300x225.jpg 300w, https:\/\/benatkyhajovna.cz\/wp-content\/uploads\/2021\/03\/malotraktor-agt-835-150x113.jpg 150w, https:\/\/benatkyhajovna.cz\/wp-content\/uploads\/2021\/03\/malotraktor-agt-835-400x300.jpg 400w\" sizes=\"auto, (max-width: 768px) 100vw, 768px\" \/><\/figure>\n","protected":false},"excerpt":{"rendered":"<p>\u0160t\u011bpkov\u00e1n\u00ed d\u0159evn\u00ed hmoty K pr\u00e1ci pou\u017e\u00edv\u00e1me profi \u0161t\u011bpkova\u010d Laski LS 150\/38. \u0160t\u011bpkovat lze materi\u00e1l a\u017e do pr\u016fm\u011bru 150mm.&nbsp;\u0160t\u011bpku lze foukat na zem nebo rovnou do voz\u00edku.&nbsp;Materi\u00e1l um\u00edme ekologicky zlikvidovat nebo si ho m\u016f\u017eete vyu\u017e\u00edt na sv\u00e9 zahrad\u011b, nap\u0159. k mul\u010dov\u00e1n\u00ed. Zal\u00e9v\u00e1n\u00ed strom\u016f a ke\u0159\u016f Zal\u00e9vac\u00ed v\u016fz Piaggio s 900 L n\u00e1dr\u017e\u00ed. Tento v\u016fz um\u00ed vodu, [&hellip;]<\/p>\n","protected":false},"author":1,"featured_media":0,"parent":0,"menu_order":0,"comment_status":"closed","ping_status":"closed","template":"sidebar-page.php","meta":{"ngg_post_thumbnail":0,"footnotes":""},"class_list":["post-391","page","type-page","status-publish","hentry"],"_links":{"self":[{"href":"https:\/\/benatkyhajovna.cz\/index.php?rest_route=\/wp\/v2\/pages\/391","targetHints":{"allow":["GET"]}}],"collection":[{"href":"https:\/\/benatkyhajovna.cz\/index.php?rest_route=\/wp\/v2\/pages"}],"about":[{"href":"https:\/\/benatkyhajovna.cz\/index.php?rest_route=\/wp\/v2\/types\/page"}],"author":[{"embeddable":true,"href":"https:\/\/benatkyhajovna.cz\/index.php?rest_route=\/wp\/v2\/users\/1"}],"replies":[{"embeddable":true,"href":"https:\/\/benatkyhajovna.cz\/index.php?rest_route=%2Fwp%2Fv2%2Fcomments&post=391"}],"version-history":[{"count":7,"href":"https:\/\/benatkyhajovna.cz\/index.php?rest_route=\/wp\/v2\/pages\/391\/revisions"}],"predecessor-version":[{"id":442,"href":"https:\/\/benatkyhajovna.cz\/index.php?rest_route=\/wp\/v2\/pages\/391\/revisions\/442"}],"wp:attachment":[{"href":"https:\/\/benatkyhajovna.cz\/index.php?rest_route=%2Fwp%2Fv2%2Fmedia&parent=391"}],"curies":[{"name":"wp","href":"https:\/\/api.w.org\/{rel}","templated":true}]}}