{"id":2,"date":"2011-12-09T15:55:04","date_gmt":"2011-12-09T15:55:04","guid":{"rendered":"http:\/\/benatkyhajovna.cz\/?page_id=2"},"modified":"2021-03-14T22:24:52","modified_gmt":"2021-03-14T22:24:52","slug":"zkusebni-stranka","status":"publish","type":"page","link":"https:\/\/benatkyhajovna.cz\/","title":{"rendered":"O n\u00e1s"},"content":{"rendered":"<h1 style=\"text-align: justify;\"><strong>Poskytujeme slu\u017eby pro vlastn\u00edky les\u016f, park\u016f a zahrad<\/strong><\/h1>\n<p style=\"text-align: justify;\"><img loading=\"lazy\" decoding=\"async\" class=\"ngg-singlepic ngg-none alignleft\" src=\"http:\/\/benatkyhajovna.cz\/wp-content\/gallery\/stromek\/zaludy.jpg\" alt=\"zaludy\" width=\"200\" height=\"110\">Zaji\u0161\u0165ujeme \u010dinnosti t\u011b\u017eebn\u00ed i p\u011bstebn\u00ed v\u010detn\u011b pot\u0159ebn\u00e9 mechanizace typu univers\u00e1ln\u00ed kolov\u00fd traktor s navij\u00e1kem a rampova\u010dem, d\u00e1le i univerz\u00e1ln\u00ed kolov\u00fd malotraktor s navij\u00e1kem a rampova\u010dem, vyv\u00e1\u017eec\u00ed soupravu s hydraulickou rukou, p\u016fdn\u00ed vrt\u00e1ky, p\u016fdn\u00ed fr\u00e9zu, odkor\u0148ova\u010de, motorov\u00e9 pily, k\u0159ovino\u0159ezy, post\u0159ikova\u010de, plotost\u0159ihy harvestorovou technologii t\u011b\u017eby d\u0159eva, \u017eelezn\u00e9ho kon\u011b pro \u0161etrn\u00e9 p\u0159ibli\u017eov\u00e1n\u00ed d\u0159eva, \u0161t\u011bpkova\u010de klestu, s\u00e1zec\u00ed stroj pro zales\u0148ov\u00e1n\u00ed zem\u011bd\u011blsk\u00fdch p\u016fd, nebo rekultivace. .<\/p>\n<p><strong>P\u0159\u00edklady \u010dinnost\u00ed:<\/strong><br>&#8211; komplexn\u00ed \u00fadr\u017eba a p\u00e9\u010de o lesn\u00ed pozemky<br>&#8211; zales\u0148ov\u00e1n\u00ed zem\u011bd\u011blsky nevyu\u017e\u00edvan\u00fdch pozemk\u016f<br>&#8211; zaji\u0161\u0165ov\u00e1n\u00ed dotac\u00ed a grant\u016f<br>&#8211; komplexn\u00ed \u00fadr\u017eba a p\u00e9\u010de o p\u0159\u00edm\u011bstskou zele\u0148, lesoparky, parky<br>&#8211; projektov\u00e1n\u00ed, v\u00fdroba, instalace a \u00fadr\u017eba mobili\u00e1\u0159e (alt\u00e1ny, lavice, informa\u010dn\u00ed cedule apod.)<br>&#8211; zaji\u0161t\u011bn\u00ed odbytu d\u0159eva<br>&#8211; v\u00fdroba, instalace a \u00fadr\u017eba oplocen\u00ed<br>&#8211; zaji\u0161t\u011bn\u00ed dopravy d\u0159eva, sadebn\u00edho a ostatn\u00edho materi\u00e1lu<br>&#8211; zal\u00e9v\u00e1n\u00ed strom\u016f a ke\u0159\u016f<br>&#8211; \u0161t\u011bpkov\u00e1n\u00ed a likvidace d\u0159evn\u00ed hmoty<\/p>\n<p><strong>P\u011bstebn\u00ed \u010dinnost:<\/strong><br>&#8211; zalesn\u011bn\u00ed, chemick\u00e1 a mechanick\u00e1 ochrana proti bu\u0159eni<br>&#8211; chemick\u00e1 a mechanick\u00e1 ochrana proti zv\u011b\u0159i<br>&#8211; v\u00fdsek \u0161kod\u00edc\u00edch d\u0159evin, pro\u0159ez\u00e1vky, prob\u00edrky<\/p>\n<p><strong>T\u011b\u017eebn\u00ed \u010dinnost:&nbsp;<\/strong><br>&#8211; t\u011b\u017eba d\u0159eva, k\u00e1cen\u00ed jednotliv\u00fdch d\u0159evin<br>&#8211; v\u00fdroba, sortimentace d\u0159eva, p\u0159ibl\u00ed\u017een\u00ed, manipulace, odvoz, v\u00fdkup, prodej<\/p>\n\n\n<p class=\"has-blue-color has-text-color has-medium-font-size\"><strong>Ochrana osobn\u00edch \u00fadaj\u016f<\/strong><\/p>\n\n\n\n<p><strong>Spr\u00e1va m\u011bstsk\u00fdch les\u016f&nbsp; Ben\u00e1tky nad Jizerou, <\/strong>p\u0159\u00edsp\u011bvkov\u00e1 organizace, H\u00e1jovna Okrouhl\u00edk 52, 294 71 Ben\u00e1tky nad Jizerou I\u010c: 75126036 db\u00e1 na ochranu osobn\u00edch \u00fadaj\u016f, kter\u00e9 n\u00e1m p\u0159ed\u00e1v\u00e1te. Je d\u016fle\u017eit\u00e9, abyste v\u011bd\u011bli, \u017ee osobn\u00ed \u00fadaje, kter\u00e9 n\u00e1m poskytujete zpracov\u00e1v\u00e1me zodpov\u011bdn\u011b, transparentn\u011b a v souladu s Na\u0159\u00edzen\u00edm Evropsk\u00e9ho parlamentu a Rady (EU).<\/p>\n\n\n\n<p class=\"has-blue-color has-text-color\"><a href=\"http:\/\/benatkyhajovna.cz\/wp-content\/uploads\/2019\/02\/ZASADY_ZPRACOVANI_S-ML_BEN_WEB_FINAL.pdf\" target=\"_blank\" rel=\"noreferrer noopener\"><strong>Odkaz na kompletn\u00ed dokument ochrany osobn\u00edch \u00fadaj\u016f<\/strong><\/a><\/p>\n","protected":false},"excerpt":{"rendered":"<p>Poskytujeme slu\u017eby pro vlastn\u00edky les\u016f, park\u016f a zahrad Zaji\u0161\u0165ujeme \u010dinnosti t\u011b\u017eebn\u00ed i p\u011bstebn\u00ed v\u010detn\u011b pot\u0159ebn\u00e9 mechanizace typu univers\u00e1ln\u00ed kolov\u00fd traktor s navij\u00e1kem a rampova\u010dem, d\u00e1le i univerz\u00e1ln\u00ed kolov\u00fd malotraktor s navij\u00e1kem a rampova\u010dem, vyv\u00e1\u017eec\u00ed soupravu s hydraulickou rukou, p\u016fdn\u00ed vrt\u00e1ky, p\u016fdn\u00ed fr\u00e9zu, odkor\u0148ova\u010de, motorov\u00e9 pily, k\u0159ovino\u0159ezy, post\u0159ikova\u010de, plotost\u0159ihy harvestorovou technologii t\u011b\u017eby d\u0159eva, \u017eelezn\u00e9ho kon\u011b pro [&hellip;]<\/p>\n","protected":false},"author":1,"featured_media":0,"parent":0,"menu_order":1,"comment_status":"closed","ping_status":"closed","template":"sidebar-page.php","meta":{"ngg_post_thumbnail":0,"footnotes":""},"class_list":["post-2","page","type-page","status-publish","hentry"],"_links":{"self":[{"href":"https:\/\/benatkyhajovna.cz\/index.php?rest_route=\/wp\/v2\/pages\/2","targetHints":{"allow":["GET"]}}],"collection":[{"href":"https:\/\/benatkyhajovna.cz\/index.php?rest_route=\/wp\/v2\/pages"}],"about":[{"href":"https:\/\/benatkyhajovna.cz\/index.php?rest_route=\/wp\/v2\/types\/page"}],"author":[{"embeddable":true,"href":"https:\/\/benatkyhajovna.cz\/index.php?rest_route=\/wp\/v2\/users\/1"}],"replies":[{"embeddable":true,"href":"https:\/\/benatkyhajovna.cz\/index.php?rest_route=%2Fwp%2Fv2%2Fcomments&post=2"}],"version-history":[{"count":20,"href":"https:\/\/benatkyhajovna.cz\/index.php?rest_route=\/wp\/v2\/pages\/2\/revisions"}],"predecessor-version":[{"id":437,"href":"https:\/\/benatkyhajovna.cz\/index.php?rest_route=\/wp\/v2\/pages\/2\/revisions\/437"}],"wp:attachment":[{"href":"https:\/\/benatkyhajovna.cz\/index.php?rest_route=%2Fwp%2Fv2%2Fmedia&parent=2"}],"curies":[{"name":"wp","href":"https:\/\/api.w.org\/{rel}","templated":true}]}}