{"id":10,"date":"2011-12-09T18:45:30","date_gmt":"2011-12-09T18:45:30","guid":{"rendered":"http:\/\/benatkyhajovna.cz\/?page_id=10"},"modified":"2021-03-14T22:09:37","modified_gmt":"2021-03-14T22:09:37","slug":"docasny-utulek","status":"publish","type":"page","link":"https:\/\/benatkyhajovna.cz\/?page_id=10","title":{"rendered":"Do\u010dasn\u00fd \u00fatulek"},"content":{"rendered":"<p style=\"text-align: justify;\"><img loading=\"lazy\" decoding=\"async\" class=\"ngg-singlepic ngg-none alignright\" src=\"http:\/\/benatkyhajovna.cz\/wp-content\/gallery\/stromek\/psi.jpg\" alt=\"OLYMPUS DIGITAL CAMERA\" width=\"285\" height=\"183\">Spr\u00e1va m\u011bstsk\u00fdch les\u016f Ben\u00e1tky nad Jizerou p.o. poskytuje \u00fato\u010di\u0161t\u011b opu\u0161t\u011bn\u00fdm a zatoulan\u00fdm zv\u00ed\u0159at\u016fm z katastru m\u011bsta Ben\u00e1tky nad Jizerou, kter\u00e1 byla za asistence P\u010cR a pro\u0161kolen\u00e9ho pracovn\u00edka um\u00edst\u011bna do\u010dasn\u011b ve venkovn\u00edch kotc\u00edch are\u00e1lu Spr\u00e1vy m\u011bstsk\u00fdch les\u016f Ben\u00e1tky nad Jizerou do doby vy\u0159e\u0161en\u00ed ot\u00e1zky jejich vlastnictv\u00ed a v&nbsp;z\u00e1vislosti na zji\u0161t\u011bn\u00fdch skute\u010dnostech do doby zaji\u0161t\u011bn\u00ed jejich dlouhodob\u00e9ho um\u00edst\u011bn\u00ed. V\u0161echna zv\u00ed\u0159ata, kter\u00e1 maj\u00ed b\u00fdt v&nbsp;do\u010dasn\u00e9m \u00fatulku um\u00edst\u011bna mus\u00ed proj\u00edt vstupn\u00ed veterin\u00e1rn\u00ed kontrolou a jejich p\u0159evzet\u00ed a p\u0159ed\u00e1n\u00ed mus\u00ed b\u00fdt provedeno na z\u00e1klad\u011b p\u0159ed\u00e1vac\u00edch protokol\u016f.<\/p>\n<p>&nbsp;<\/p>\n<p>&nbsp;<\/p>\n","protected":false},"excerpt":{"rendered":"<p>Spr\u00e1va m\u011bstsk\u00fdch les\u016f Ben\u00e1tky nad Jizerou p.o. poskytuje \u00fato\u010di\u0161t\u011b opu\u0161t\u011bn\u00fdm a zatoulan\u00fdm zv\u00ed\u0159at\u016fm z katastru m\u011bsta Ben\u00e1tky nad Jizerou, kter\u00e1 byla za asistence P\u010cR a pro\u0161kolen\u00e9ho pracovn\u00edka um\u00edst\u011bna do\u010dasn\u011b ve venkovn\u00edch kotc\u00edch are\u00e1lu Spr\u00e1vy m\u011bstsk\u00fdch les\u016f Ben\u00e1tky nad Jizerou do doby vy\u0159e\u0161en\u00ed ot\u00e1zky jejich vlastnictv\u00ed a v&nbsp;z\u00e1vislosti na zji\u0161t\u011bn\u00fdch skute\u010dnostech do doby zaji\u0161t\u011bn\u00ed jejich dlouhodob\u00e9ho [&hellip;]<\/p>\n","protected":false},"author":1,"featured_media":0,"parent":0,"menu_order":4,"comment_status":"closed","ping_status":"closed","template":"sidebar-page.php","meta":{"ngg_post_thumbnail":0,"footnotes":""},"class_list":["post-10","page","type-page","status-publish","hentry"],"_links":{"self":[{"href":"https:\/\/benatkyhajovna.cz\/index.php?rest_route=\/wp\/v2\/pages\/10","targetHints":{"allow":["GET"]}}],"collection":[{"href":"https:\/\/benatkyhajovna.cz\/index.php?rest_route=\/wp\/v2\/pages"}],"about":[{"href":"https:\/\/benatkyhajovna.cz\/index.php?rest_route=\/wp\/v2\/types\/page"}],"author":[{"embeddable":true,"href":"https:\/\/benatkyhajovna.cz\/index.php?rest_route=\/wp\/v2\/users\/1"}],"replies":[{"embeddable":true,"href":"https:\/\/benatkyhajovna.cz\/index.php?rest_route=%2Fwp%2Fv2%2Fcomments&post=10"}],"version-history":[{"count":11,"href":"https:\/\/benatkyhajovna.cz\/index.php?rest_route=\/wp\/v2\/pages\/10\/revisions"}],"predecessor-version":[{"id":432,"href":"https:\/\/benatkyhajovna.cz\/index.php?rest_route=\/wp\/v2\/pages\/10\/revisions\/432"}],"wp:attachment":[{"href":"https:\/\/benatkyhajovna.cz\/index.php?rest_route=%2Fwp%2Fv2%2Fmedia&parent=10"}],"curies":[{"name":"wp","href":"https:\/\/api.w.org\/{rel}","templated":true}]}}